{"id":4178,"date":"2024-06-01T20:48:50","date_gmt":"2024-06-01T20:48:50","guid":{"rendered":"http:\/\/tdi_2_23b"},"modified":"2024-06-01T20:48:50","modified_gmt":"2024-06-01T20:48:50","slug":"contact","status":"publish","type":"page","link":"https:\/\/radiogjilani.com\/index.php\/contact\/","title":{"rendered":"Contact"},"content":{"rendered":"<div id=\"tdi_1\" class=\"tdc-row\"><div class=\"vc_row tdi_2  wpb_row td-pb-row\" >\n<style scoped>\n\/* custom css - generated by TagDiv Composer *\/\n\n\/* custom css - generated by TagDiv Composer *\/\n.tdi_2,\r\n                .tdi_2 .tdc-columns{\r\n                    min-height: 0;\r\n                }\n\/* inline tdc_css att - generated by TagDiv Composer *\/\n\n.tdi_2{\nborder-color:#e6e6e6 !important;\nborder-style:solid !important;\nborder-width: 1px 0px 0px 0px !important;\n}\n\n.tdi_2 .td_block_wrap{ text-align:left }\n\n<\/style><div class=\"vc_column tdi_4  wpb_column vc_column_container tdc-column td-pb-span8\">\n<style scoped>\n\/* custom css - generated by TagDiv Composer *\/\n\n\/* custom css - generated by TagDiv Composer *\/\n.tdi_4{\r\n                    vertical-align: baseline;\r\n                }\n<\/style><div class=\"wpb_wrapper\" ><div class=\"wpb_wrapper wpb_text_column td_block_wrap td_block_wrap vc_column_text tdi_5  tagdiv-type td_block_template_1\"  data-td-block-uid=\"tdi_5\" >\n<style>\n\/* custom css - generated by TagDiv Composer *\/\n.vc_column_text > .td-element-style{\r\n\t\t\t\t\tz-index: -1;\r\n\t\t\t\t}\n<\/style><div class=\"td-fix-index\"><p>This page is to contact Newsmag Sport Demo with specific website feedback. If you have any other enquiries about our website please use the contact form below. For Advertising &amp; Sponsorship opportunities please visit our advertisement section.<\/p>\n<\/div><\/div><div class=\"vc_row_inner tdi_7  vc_row vc_inner wpb_row td-pb-row\" >\n<style scoped>\n\/* custom css - generated by TagDiv Composer *\/\n\n\/* custom css - generated by TagDiv Composer *\/\n.tdi_7{\r\n                    position: relative !important;\r\n                    top: 0;\r\n                    transform: none;\r\n                    -webkit-transform: none;\r\n                }\n<\/style><div class=\"vc_column_inner tdi_9  wpb_column vc_column_container tdc-inner-column td-pb-span6\">\n<style scoped>\n\/* custom css - generated by TagDiv Composer *\/\n\n\/* custom css - generated by TagDiv Composer *\/\n.tdi_9{\r\n                    vertical-align: baseline;\r\n                }\n<\/style><div class=\"vc_column-inner\"><div class=\"wpb_wrapper\" ><div class=\"td_block_wrap td_block_text_with_title tdi_10 td-pb-border-top td_block_template_1\"  data-td-block-uid=\"tdi_10\" ><h4 class=\"block-title\"><span class=\"td-pulldown-size\">Contact Details<\/span><\/h4><div class=\"td_mod_wrap td-pb-padding-side td-fix-index\"><p><strong>Newsmag Comunication Service<\/strong><br \/>123 California St. Doargo<\/p>\n<p>(650) 123-2558 (main number)<br \/>(650) 123-0247 (fax)<\/p>\n<p>Email: <strong>contact@yoursite.com<\/strong><\/p>\n<\/div><\/div><\/div><\/div><\/div><div class=\"vc_column_inner vc_custom_1408531246615 tdi_12  wpb_column vc_column_container tdc-inner-column td-pb-span6\">\n<style scoped>\n\/* custom css - generated by TagDiv Composer *\/\n\n\/* tdc_composer_block - inline css att *\/\n.vc_custom_1408531246615{border-left-width: 0px !important;}\n\/* custom css - generated by TagDiv Composer *\/\n.tdi_12{\r\n                    vertical-align: baseline;\r\n                }\n<\/style><div class=\"vc_column-inner\"><div class=\"wpb_wrapper\" ><div class=\"td_block_wrap td_block_text_with_title tdi_13 td-pb-border-top td_block_template_1\"  data-td-block-uid=\"tdi_13\" ><h4 class=\"block-title\"><span class=\"td-pulldown-size\">About us<\/span><\/h4><div class=\"td_mod_wrap td-pb-padding-side td-fix-index\"><p>NewsMag is your news, entertainment, music fashion website. We provide you with the latest breaking news and videos straight from the entertainment industry.<\/p>\n<\/div><\/div><\/div><\/div><\/div><\/div><div class=\"vc_row_inner tdi_15  vc_row vc_inner wpb_row td-pb-row\" >\n<style scoped>\n\/* custom css - generated by TagDiv Composer *\/\n\n\/* custom css - generated by TagDiv Composer *\/\n.tdi_15{\r\n                    position: relative !important;\r\n                    top: 0;\r\n                    transform: none;\r\n                    -webkit-transform: none;\r\n                }\n\/* inline tdc_css att - generated by TagDiv Composer *\/\n\n.tdi_15{\nborder-color:#e6e6e6 !important;\nborder-style:solid !important;\nborder-width: 1px 0px 0px 0px !important;\n}\n\n.tdi_15 .td_block_wrap{ text-align:left }\n\n<\/style><div class=\"vc_column_inner tdi_17  wpb_column vc_column_container tdc-inner-column td-pb-span12\">\n<style scoped>\n\/* custom css - generated by TagDiv Composer *\/\n\n\/* custom css - generated by TagDiv Composer *\/\n.tdi_17{\r\n                    vertical-align: baseline;\r\n                }\n<\/style><div class=\"vc_column-inner\"><div class=\"wpb_wrapper\" ><div class=\"wpb_wrapper wpb_text_column td_block_wrap td_block_wrap vc_column_text tdi_18  tagdiv-type td_block_template_1\"  data-td-block-uid=\"tdi_18\" ><div class=\"td-block-title-wrap\"><h4 class=\"block-title\"><span class=\"td-pulldown-size\">Contact Us<\/span><\/h4><\/div><div class=\"td-fix-index\"><p>Install Contact Form 7 Plugin and replace this text block with your contact form shortcode.<\/p>\n<\/div><\/div><\/div><\/div><\/div><\/div><\/div><\/div><div class=\"vc_column tdi_20  wpb_column vc_column_container tdc-column td-pb-span4\">\n<style scoped>\n\/* custom css - generated by TagDiv Composer *\/\n\n\/* custom css - generated by TagDiv Composer *\/\n.tdi_20{\r\n                    vertical-align: baseline;\r\n                }\n<\/style><div class=\"wpb_wrapper\" ><div class=\"td_block_wrap td_block_social_counter tdi_21 td_block_template_1\"><div class=\"td-block-title-wrap\"><h4 class=\"block-title\"><span class=\"td-pulldown-size\">STAY CONNECTED<\/span><\/h4><\/div><div class=\"td-social-list\"><div class=\"td_social_type td-pb-margin-side td_social_facebook\"><div class=\"td-social-box\"><div class=\"td-sp td-sp-facebook\"><\/div><span class=\"td_social_info td_social_info_counter\">0<\/span><span class=\"td_social_info td_social_info_name\">Fans<\/span><span class=\"td_social_button\"><a href=\"https:\/\/www.facebook.com\/tagdiv\"  target=\"_blank\" >Like<\/a><\/span><\/div><\/div><div class=\"td_social_type td-pb-margin-side td_social_twitter\"><div class=\"td-social-box\"><div class=\"td-sp td-sp-twitter\"><\/div><span class=\"td_social_info td_social_info_counter\">3,908<\/span><span class=\"td_social_info td_social_info_name\">Followers<\/span><span class=\"td_social_button\"><a href=\"https:\/\/twitter.com\/tagdivofficial\"  target=\"_blank\" >Follow<\/a><\/span><\/div><\/div><div class=\"td_social_type td-pb-margin-side td_social_youtube\"><div class=\"td-social-box\"><div class=\"td-sp td-sp-youtube\"><\/div><span class=\"td_social_info td_social_info_counter\">0<\/span><span class=\"td_social_info td_social_info_name\">Subscribers<\/span><span class=\"td_social_button\"><a href=\"https:\/\/www.youtube.com\/tagdiv\"  target=\"_blank\" >Subscribe<\/a><\/span><\/div><\/div><\/div><\/div><div class=\"td_block_wrap td_block_2 tdi_22 td-pb-border-top td_block_template_1\"  data-td-block-uid=\"tdi_22\" >\n<style>\n\/* custom css - generated by TagDiv Composer *\/\n.tdi_22 .td-post-vid-time{\r\n\t\t\t\t\tdisplay: block;\r\n\t\t\t\t}\n<\/style><script>var block_tdi_22 = new tdBlock();\nblock_tdi_22.id = \"tdi_22\";\nblock_tdi_22.atts = '{\"limit\":\"3\",\"custom_title\":\"LATEST ARTICLE\",\"td_filter_default_txt\":\"All\",\"block_type\":\"td_block_2\",\"separator\":\"\",\"custom_url\":\"\",\"title_tag\":\"\",\"block_template_id\":\"\",\"border_top\":\"\",\"color_preset\":\"\",\"m4_tl\":\"\",\"m4_title_tag\":\"\",\"m4_el\":\"\",\"m6_tl\":\"\",\"m6_title_tag\":\"\",\"post_ids\":\"\",\"category_id\":\"\",\"category_ids\":\"\",\"tag_slug\":\"\",\"autors_id\":\"\",\"installed_post_types\":\"\",\"sort\":\"\",\"offset\":\"\",\"open_in_new_window\":\"\",\"show_modified_date\":\"\",\"video_popup\":\"\",\"video_rec\":\"\",\"video_rec_title\":\"\",\"show_vid_t\":\"block\",\"el_class\":\"\",\"td_ajax_filter_type\":\"\",\"td_ajax_filter_ids\":\"\",\"td_ajax_preloading\":\"\",\"f_header_font_header\":\"\",\"f_header_font_title\":\"Block header\",\"f_header_font_settings\":\"\",\"f_header_font_family\":\"\",\"f_header_font_size\":\"\",\"f_header_font_line_height\":\"\",\"f_header_font_style\":\"\",\"f_header_font_weight\":\"\",\"f_header_font_transform\":\"\",\"f_header_font_spacing\":\"\",\"f_header_\":\"\",\"f_ajax_font_title\":\"Ajax categories\",\"f_ajax_font_settings\":\"\",\"f_ajax_font_family\":\"\",\"f_ajax_font_size\":\"\",\"f_ajax_font_line_height\":\"\",\"f_ajax_font_style\":\"\",\"f_ajax_font_weight\":\"\",\"f_ajax_font_transform\":\"\",\"f_ajax_font_spacing\":\"\",\"f_ajax_\":\"\",\"f_more_font_title\":\"Load more button\",\"f_more_font_settings\":\"\",\"f_more_font_family\":\"\",\"f_more_font_size\":\"\",\"f_more_font_line_height\":\"\",\"f_more_font_style\":\"\",\"f_more_font_weight\":\"\",\"f_more_font_transform\":\"\",\"f_more_font_spacing\":\"\",\"f_more_\":\"\",\"m4f_title_font_header\":\"\",\"m4f_title_font_title\":\"Article title\",\"m4f_title_font_settings\":\"\",\"m4f_title_font_family\":\"\",\"m4f_title_font_size\":\"\",\"m4f_title_font_line_height\":\"\",\"m4f_title_font_style\":\"\",\"m4f_title_font_weight\":\"\",\"m4f_title_font_transform\":\"\",\"m4f_title_font_spacing\":\"\",\"m4f_title_\":\"\",\"m4f_cat_font_title\":\"Article category tag\",\"m4f_cat_font_settings\":\"\",\"m4f_cat_font_family\":\"\",\"m4f_cat_font_size\":\"\",\"m4f_cat_font_line_height\":\"\",\"m4f_cat_font_style\":\"\",\"m4f_cat_font_weight\":\"\",\"m4f_cat_font_transform\":\"\",\"m4f_cat_font_spacing\":\"\",\"m4f_cat_\":\"\",\"m4f_meta_font_title\":\"Article meta info\",\"m4f_meta_font_settings\":\"\",\"m4f_meta_font_family\":\"\",\"m4f_meta_font_size\":\"\",\"m4f_meta_font_line_height\":\"\",\"m4f_meta_font_style\":\"\",\"m4f_meta_font_weight\":\"\",\"m4f_meta_font_transform\":\"\",\"m4f_meta_font_spacing\":\"\",\"m4f_meta_\":\"\",\"m4f_ex_font_title\":\"Article excerpt\",\"m4f_ex_font_settings\":\"\",\"m4f_ex_font_family\":\"\",\"m4f_ex_font_size\":\"\",\"m4f_ex_font_line_height\":\"\",\"m4f_ex_font_style\":\"\",\"m4f_ex_font_weight\":\"\",\"m4f_ex_font_transform\":\"\",\"m4f_ex_font_spacing\":\"\",\"m4f_ex_\":\"\",\"m6f_title_font_header\":\"\",\"m6f_title_font_title\":\"Article title\",\"m6f_title_font_settings\":\"\",\"m6f_title_font_family\":\"\",\"m6f_title_font_size\":\"\",\"m6f_title_font_line_height\":\"\",\"m6f_title_font_style\":\"\",\"m6f_title_font_weight\":\"\",\"m6f_title_font_transform\":\"\",\"m6f_title_font_spacing\":\"\",\"m6f_title_\":\"\",\"m6f_cat_font_title\":\"Article category tag\",\"m6f_cat_font_settings\":\"\",\"m6f_cat_font_family\":\"\",\"m6f_cat_font_size\":\"\",\"m6f_cat_font_line_height\":\"\",\"m6f_cat_font_style\":\"\",\"m6f_cat_font_weight\":\"\",\"m6f_cat_font_transform\":\"\",\"m6f_cat_font_spacing\":\"\",\"m6f_cat_\":\"\",\"m6f_meta_font_title\":\"Article meta info\",\"m6f_meta_font_settings\":\"\",\"m6f_meta_font_family\":\"\",\"m6f_meta_font_size\":\"\",\"m6f_meta_font_line_height\":\"\",\"m6f_meta_font_style\":\"\",\"m6f_meta_font_weight\":\"\",\"m6f_meta_font_transform\":\"\",\"m6f_meta_font_spacing\":\"\",\"m6f_meta_\":\"\",\"ajax_pagination\":\"\",\"ajax_pagination_infinite_stop\":\"\",\"css\":\"\",\"tdc_css\":\"\",\"td_column_number\":1,\"header_color\":\"\",\"ajax_pagination_next_prev_swipe\":\"\",\"class\":\"tdi_22\",\"tdc_css_class\":\"tdi_22\",\"tdc_css_class_style\":\"tdi_22_rand_style\"}';\nblock_tdi_22.td_column_number = \"1\";\nblock_tdi_22.block_type = \"td_block_2\";\nblock_tdi_22.post_count = \"3\";\nblock_tdi_22.found_posts = \"4523\";\nblock_tdi_22.header_color = \"\";\nblock_tdi_22.ajax_pagination_infinite_stop = \"\";\nblock_tdi_22.max_num_pages = \"1508\";\ntdBlocksArray.push(block_tdi_22);\n<\/script><h4 class=\"block-title\"><span class=\"td-pulldown-size\">LATEST ARTICLE<\/span><\/h4><div id=tdi_22 class=\"td_block_inner\">\n\n\t<div class=\"td-block-span12\">\n\r\n        <div class=\"td_module_4 td_module_wrap td-animation-stack td-cpt-post\">\r\n            <div class=\"td-module-image\">\r\n                <div class=\"td-module-thumb\"><a href=\"https:\/\/radiogjilani.com\/index.php\/2024\/10\/11\/pse-njerezit-e-zgjuar-bejne-gabime-idiote\/\"  rel=\"bookmark\" class=\"td-image-wrap \" title=\"Pse njer\u00ebzit e zgjuar b\u00ebjn\u00eb gabime \u201cidiote\u201d?\" ><img loading=\"lazy\" decoding=\"async\" class=\"entry-thumb\" src=\"\" alt=\"pse-njerezit-e-zgjuar-bejne-gabime-\u201cidiote\u201d?\" title=\"Pse njer\u00ebzit e zgjuar b\u00ebjn\u00eb gabime \u201cidiote\u201d?\" data-type=\"image_tag\" data-img-url=\"https:\/\/radiogjilani.com\/wp-content\/uploads\/2024\/10\/9742-pse-njerezit-e-zgjuar-bejne-gabime-idiote-300x194.jpg\"  width=\"300\" height=\"194\" \/><\/a><\/div>                                <a href=\"https:\/\/radiogjilani.com\/index.php\/category\/eko\/\" class=\"td-post-category\">Ekonomi<\/a>            <\/div>\r\n\r\n            <h3 class=\"entry-title td-module-title\"><a href=\"https:\/\/radiogjilani.com\/index.php\/2024\/10\/11\/pse-njerezit-e-zgjuar-bejne-gabime-idiote\/\"  rel=\"bookmark\" title=\"Pse njer\u00ebzit e zgjuar b\u00ebjn\u00eb gabime \u201cidiote\u201d?\">Pse njer\u00ebzit e zgjuar b\u00ebjn\u00eb gabime \u201cidiote\u201d?<\/a><\/h3>\r\n            <div class=\"meta-info\">\r\n                                <span class=\"td-post-author-name\"><a href=\"https:\/\/radiogjilani.com\/index.php\/author\/fd90oj\/\">fd90oj<\/a> <span>-<\/span> <\/span>                <span class=\"td-post-date\"><time class=\"entry-date updated td-module-date\" datetime=\"2024-10-11T03:23:36+00:00\" >October 11, 2024<\/time><\/span>                <span class=\"td-module-comments\"><a href=\"https:\/\/radiogjilani.com\/index.php\/2024\/10\/11\/pse-njerezit-e-zgjuar-bejne-gabime-idiote\/#respond\">0<\/a><\/span>            <\/div>\r\n\r\n            <div class=\"td-excerpt\">\r\n                Njer\u00ebzit inteligjent\u00eb jan\u00eb ata q\u00eb fitojn\u00eb m\u00eb shum\u00eb para, akumulojn\u00eb m\u00eb shum\u00eb pasuri, dhe madje jetojn\u00eb m\u00eb gjat\u00eb. N\u00eb pamje t\u00eb par\u00eb, t\u00eb qenit...            <\/div>\r\n\r\n            \r\n        <\/div>\r\n\r\n        \n\t<\/div> <!-- .\/td-block-span12 -->\n\n\t<div class=\"td-block-span12\">\n\r\n        <div class=\"td_module_6 td_module_wrap td-animation-stack td-cpt-post\">\r\n            \r\n            <div class=\"td-module-thumb\"><a href=\"https:\/\/radiogjilani.com\/index.php\/2024\/10\/11\/5-zakone-si-njerezit-e-suksesshem-e-shfrytezojne-kohen-e-tyre\/\"  rel=\"bookmark\" class=\"td-image-wrap \" title=\"5 zakone si njer\u00ebzit e suksessh\u00ebm e shfryt\u00ebzojn\u00eb koh\u00ebn e tyre\" ><img loading=\"lazy\" decoding=\"async\" class=\"entry-thumb\" src=\"\" alt=\"5-zakone-si-njerezit-e-suksesshem-e-shfrytezojne-kohen-e-tyre\" title=\"5 zakone si njer\u00ebzit e suksessh\u00ebm e shfryt\u00ebzojn\u00eb koh\u00ebn e tyre\" data-type=\"image_tag\" data-img-url=\"https:\/\/radiogjilani.com\/wp-content\/uploads\/2024\/10\/9744-5-zakone-si-njerezit-e-suksesshem-e-shfrytezojne-kohen-e-tyre-100x75.jpg\"  width=\"100\" height=\"75\" \/><\/a><\/div>\r\n        <div class=\"item-details\">\r\n\r\n            <h3 class=\"entry-title td-module-title\"><a href=\"https:\/\/radiogjilani.com\/index.php\/2024\/10\/11\/5-zakone-si-njerezit-e-suksesshem-e-shfrytezojne-kohen-e-tyre\/\"  rel=\"bookmark\" title=\"5 zakone si njer\u00ebzit e suksessh\u00ebm e shfryt\u00ebzojn\u00eb koh\u00ebn e tyre\">5 zakone si njer\u00ebzit e suksessh\u00ebm e shfryt\u00ebzojn\u00eb koh\u00ebn e tyre<\/a><\/h3>            <div class=\"meta-info\">\r\n                                                                <span class=\"td-post-date\"><time class=\"entry-date updated td-module-date\" datetime=\"2024-10-11T03:23:35+00:00\" >October 11, 2024<\/time><\/span>                            <\/div>\r\n        <\/div>\r\n\r\n        <\/div>\r\n\r\n        \n\t<\/div> <!-- .\/td-block-span12 -->\n\n\t<div class=\"td-block-span12\">\n\r\n        <div class=\"td_module_6 td_module_wrap td-animation-stack td-cpt-post\">\r\n            \r\n            <div class=\"td-module-thumb\"><a href=\"https:\/\/radiogjilani.com\/index.php\/2024\/10\/11\/5-gjerat-qe-i-duhen-nje-djali-nga-nena-e-tij\/\"  rel=\"bookmark\" class=\"td-image-wrap \" title=\"5 gj\u00ebrat q\u00eb i duhen nj\u00eb djali nga n\u00ebna e tij\" ><img loading=\"lazy\" decoding=\"async\" class=\"entry-thumb\" src=\"\" alt=\"5-gjerat-qe-i-duhen-nje-djali-nga-nena-e-tij\" title=\"5 gj\u00ebrat q\u00eb i duhen nj\u00eb djali nga n\u00ebna e tij\" data-type=\"image_tag\" data-img-url=\"https:\/\/radiogjilani.com\/wp-content\/uploads\/2024\/10\/9746-5-gjerat-qe-i-duhen-nje-djali-nga-nena-e-tij-100x75.jpg\"  width=\"100\" height=\"75\" \/><\/a><\/div>\r\n        <div class=\"item-details\">\r\n\r\n            <h3 class=\"entry-title td-module-title\"><a href=\"https:\/\/radiogjilani.com\/index.php\/2024\/10\/11\/5-gjerat-qe-i-duhen-nje-djali-nga-nena-e-tij\/\"  rel=\"bookmark\" title=\"5 gj\u00ebrat q\u00eb i duhen nj\u00eb djali nga n\u00ebna e tij\">5 gj\u00ebrat q\u00eb i duhen nj\u00eb djali nga n\u00ebna e tij<\/a><\/h3>            <div class=\"meta-info\">\r\n                                                                <span class=\"td-post-date\"><time class=\"entry-date updated td-module-date\" datetime=\"2024-10-11T03:23:34+00:00\" >October 11, 2024<\/time><\/span>                            <\/div>\r\n        <\/div>\r\n\r\n        <\/div>\r\n\r\n        \n\t<\/div> <!-- .\/td-block-span12 --><\/div><\/div> <!-- .\/block --><\/div><\/div><\/div><\/div>","protected":false},"excerpt":{"rendered":"","protected":false},"author":1,"featured_media":0,"parent":0,"menu_order":0,"comment_status":"open","ping_status":"closed","template":"page-pagebuilder-title.php","meta":{"footnotes":""},"class_list":["post-4178","page","type-page","status-publish","hentry"],"_links":{"self":[{"href":"https:\/\/radiogjilani.com\/index.php\/wp-json\/wp\/v2\/pages\/4178","targetHints":{"allow":["GET"]}}],"collection":[{"href":"https:\/\/radiogjilani.com\/index.php\/wp-json\/wp\/v2\/pages"}],"about":[{"href":"https:\/\/radiogjilani.com\/index.php\/wp-json\/wp\/v2\/types\/page"}],"author":[{"embeddable":true,"href":"https:\/\/radiogjilani.com\/index.php\/wp-json\/wp\/v2\/users\/1"}],"replies":[{"embeddable":true,"href":"https:\/\/radiogjilani.com\/index.php\/wp-json\/wp\/v2\/comments?post=4178"}],"version-history":[{"count":0,"href":"https:\/\/radiogjilani.com\/index.php\/wp-json\/wp\/v2\/pages\/4178\/revisions"}],"wp:attachment":[{"href":"https:\/\/radiogjilani.com\/index.php\/wp-json\/wp\/v2\/media?parent=4178"}],"curies":[{"name":"wp","href":"https:\/\/api.w.org\/{rel}","templated":true}]}}